{"id":270271,"date":"2024-08-23T12:45:56","date_gmt":"2024-08-23T10:45:56","guid":{"rendered":"https:\/\/staging.laboklin.com\/labogen\/labogen_wp\/index.php\/infothek-2\/"},"modified":"2025-11-03T12:35:28","modified_gmt":"2025-11-03T11:35:28","slug":"infothek","status":"publish","type":"page","link":"https:\/\/labogen.com\/en\/infothek\/","title":{"rendered":"INFOTHEK"},"content":{"rendered":"\t\t<div data-elementor-type=\"wp-page\" data-elementor-id=\"270271\" class=\"elementor elementor-270271 elementor-269030\">\n\t\t\t\t<div class=\"elementor-element elementor-element-51dbba9 e-flex e-con-boxed e-con e-parent\" data-id=\"51dbba9\" data-element_type=\"container\" data-settings=\"{&quot;background_background&quot;:&quot;classic&quot;}\">\n\t\t\t\t\t<div class=\"e-con-inner\">\n\t\t\t\t<div class=\"elementor-element elementor-element-e8c906d elementor-grid-eael-col-3 elementor-grid-tablet-eael-col-2 elementor-grid-mobile-eael-col-1 elementor-widget elementor-widget-eael-post-grid\" data-id=\"e8c906d\" data-element_type=\"widget\" data-settings=\"{&quot;eael_post_grid_columns&quot;:&quot;eael-col-3&quot;,&quot;eael_post_grid_columns_tablet&quot;:&quot;eael-col-2&quot;,&quot;eael_post_grid_columns_mobile&quot;:&quot;eael-col-1&quot;}\" data-widget_type=\"eael-post-grid.default\">\n\t\t\t\t<div class=\"elementor-widget-container\">\n\t\t\t<div id=\"eael-post-grid-e8c906d\" class=\"eael-post-grid-container\">\n            <div class=\"eael-post-grid eael-post-appender eael-post-appender-e8c906d eael-post-grid-style-two\" data-layout-mode=\"masonry\"><article class=\"eael-grid-post  eael-post-grid-column eael-pg-post-286949 category-dog tags-dog\" data-id=\"286949\">\n    <div class=\"eael-grid-post-holder\">\n        <div class=\"eael-grid-post-holder-inner\"><div class=\"eael-entry-wrapper\"><header class=\"eael-entry-header\"><h2 class=\"eael-entry-title\"><a class=\"eael-grid-post-link\" href=\"https:\/\/labogen.com\/en\/2026\/03\/10\/babesiosis-in-dogs\/\" title=\"Babesiosis in dogs\">Babesiosis in dogs<\/a><\/h2><\/header><div class=\"eael-entry-content\">\n                                <div class=\"eael-grid-post-excerpt\"><p>Babesiosis in dogs \u2013 Invisible danger after a tick bite Babesiosis (also known as \u201ccanine...<\/p><a href=\"https:\/\/labogen.com\/en\/2026\/03\/10\/babesiosis-in-dogs\/\" class=\"eael-post-elements-readmore-btn\">Read more...<\/a><\/div>\n                            <\/div><\/div><\/div>\n    <\/div>\n<\/article><article class=\"eael-grid-post  eael-post-grid-column eael-pg-post-286952 category-dog tags-dog-genetic-test\" data-id=\"286952\">\n    <div class=\"eael-grid-post-holder\">\n        <div class=\"eael-grid-post-holder-inner\"><div class=\"eael-entry-wrapper\"><header class=\"eael-entry-header\"><h2 class=\"eael-entry-title\"><a class=\"eael-grid-post-link\" href=\"https:\/\/labogen.com\/en\/2026\/03\/10\/primary-hyperparathyroidism-phpt-in-the-keeshond\/\" title=\"Primary hyperparathyroidism (PHPT) in the Keeshond\">Primary hyperparathyroidism (PHPT) in the Keeshond<\/a><\/h2><\/header><div class=\"eael-entry-content\">\n                                <div class=\"eael-grid-post-excerpt\"><p>Primary hyperparathyroidism (PHPT) in the Keeshond Primary hyperparathyroidism (PHPT) is a hereditary disease in which...<\/p><a href=\"https:\/\/labogen.com\/en\/2026\/03\/10\/primary-hyperparathyroidism-phpt-in-the-keeshond\/\" class=\"eael-post-elements-readmore-btn\">Read more...<\/a><\/div>\n                            <\/div><\/div><\/div>\n    <\/div>\n<\/article><article class=\"eael-grid-post  eael-post-grid-column eael-pg-post-286955 category-dog tags-dog-genetic-test\" data-id=\"286955\">\n    <div class=\"eael-grid-post-holder\">\n        <div class=\"eael-grid-post-holder-inner\"><div class=\"eael-entry-wrapper\"><header class=\"eael-entry-header\"><h2 class=\"eael-entry-title\"><a class=\"eael-grid-post-link\" href=\"https:\/\/labogen.com\/en\/2026\/03\/10\/available-again-adult-onset-neuropathy-aon\/\" title=\"Available again: Adult Onset Neuropathy (AON)\">Available again: Adult Onset Neuropathy (AON)<\/a><\/h2><\/header><div class=\"eael-entry-content\">\n                                <div class=\"eael-grid-post-excerpt\"><p>Available again: Adult Onset Neuropathy (AON) in the English Cocker Spaniel and Field Spaniel The...<\/p><a href=\"https:\/\/labogen.com\/en\/2026\/03\/10\/available-again-adult-onset-neuropathy-aon\/\" class=\"eael-post-elements-readmore-btn\">Read more...<\/a><\/div>\n                            <\/div><\/div><\/div>\n    <\/div>\n<\/article><article class=\"eael-grid-post  eael-post-grid-column eael-pg-post-286464 category-cat tags-cat-genetic-test\" data-id=\"286464\">\n    <div class=\"eael-grid-post-holder\">\n        <div class=\"eael-grid-post-holder-inner\"><div class=\"eael-entry-media\"><ul class=\"post-carousel-categories\"><li><a href=\"https:\/\/labogen.com\/en\/category\/cat\/\">Cat<\/a><\/li><\/ul><div class=\"eael-entry-overlay fade-in\"><i class=\"fas fa-sign-in-alt\" aria-hidden=\"true\"><\/i><a href=\"https:\/\/labogen.com\/en\/2026\/01\/29\/clopidogrel-efficacy-in-the-cat\/\"><\/a><\/div><div class=\"eael-entry-thumbnail \">\n                            <img fetchpriority=\"high\" decoding=\"async\" width=\"300\" height=\"278\" src=\"https:\/\/labogen.com\/wp-content\/uploads\/2026\/02\/Maine-Coon_ChatGPT_web-300x278.png\" class=\"attachment-medium size-medium wp-image-286463\" alt=\"\" srcset=\"https:\/\/labogen.com\/wp-content\/uploads\/2026\/02\/Maine-Coon_ChatGPT_web-300x278.png 300w, https:\/\/labogen.com\/wp-content\/uploads\/2026\/02\/Maine-Coon_ChatGPT_web-768x713.png 768w, https:\/\/labogen.com\/wp-content\/uploads\/2026\/02\/Maine-Coon_ChatGPT_web.png 1024w\" sizes=\"(max-width: 300px) 100vw, 300px\" \/>\n                            <\/div>\n                    <\/div><div class=\"eael-entry-wrapper\"><header class=\"eael-entry-header\"><h2 class=\"eael-entry-title\"><a class=\"eael-grid-post-link\" href=\"https:\/\/labogen.com\/en\/2026\/01\/29\/clopidogrel-efficacy-in-the-cat\/\" title=\"Clopidogrel efficacy in the cat\">Clopidogrel efficacy in the cat<\/a><\/h2><\/header><div class=\"eael-entry-content\">\n                                <div class=\"eael-grid-post-excerpt\"><p>Clopidogrel efficacy in the cat Arterial thromboembolism (ATE) is a serious and often life-threatening complication...<\/p><a href=\"https:\/\/labogen.com\/en\/2026\/01\/29\/clopidogrel-efficacy-in-the-cat\/\" class=\"eael-post-elements-readmore-btn\">Read more...<\/a><\/div>\n                            <\/div><\/div><\/div>\n    <\/div>\n<\/article><article class=\"eael-grid-post  eael-post-grid-column eael-pg-post-286467 category-dog tags-dog-genetic-test\" data-id=\"286467\">\n    <div class=\"eael-grid-post-holder\">\n        <div class=\"eael-grid-post-holder-inner\"><div class=\"eael-entry-media\"><ul class=\"post-carousel-categories\"><li><a href=\"https:\/\/labogen.com\/en\/category\/dog\/\">Dog<\/a><\/li><\/ul><div class=\"eael-entry-overlay fade-in\"><i class=\"fas fa-sign-in-alt\" aria-hidden=\"true\"><\/i><a href=\"https:\/\/labogen.com\/en\/2026\/01\/29\/hypertrophic-cardiomyopathy-hcm-in-the-golden-retriever\/\"><\/a><\/div><div class=\"eael-entry-thumbnail \">\n                            <img decoding=\"async\" width=\"300\" height=\"163\" src=\"https:\/\/labogen.com\/wp-content\/uploads\/2026\/02\/Golden-Retriever-Shutterstock_web-300x163.jpg\" class=\"attachment-medium size-medium wp-image-286466\" alt=\"\" srcset=\"https:\/\/labogen.com\/wp-content\/uploads\/2026\/02\/Golden-Retriever-Shutterstock_web-300x163.jpg 300w, https:\/\/labogen.com\/wp-content\/uploads\/2026\/02\/Golden-Retriever-Shutterstock_web-1024x555.jpg 1024w, https:\/\/labogen.com\/wp-content\/uploads\/2026\/02\/Golden-Retriever-Shutterstock_web-768x416.jpg 768w, https:\/\/labogen.com\/wp-content\/uploads\/2026\/02\/Golden-Retriever-Shutterstock_web-1536x832.jpg 1536w, https:\/\/labogen.com\/wp-content\/uploads\/2026\/02\/Golden-Retriever-Shutterstock_web-1320x715.jpg 1320w, https:\/\/labogen.com\/wp-content\/uploads\/2026\/02\/Golden-Retriever-Shutterstock_web.jpg 1920w\" sizes=\"(max-width: 300px) 100vw, 300px\" \/>\n                            <\/div>\n                    <\/div><div class=\"eael-entry-wrapper\"><header class=\"eael-entry-header\"><h2 class=\"eael-entry-title\"><a class=\"eael-grid-post-link\" href=\"https:\/\/labogen.com\/en\/2026\/01\/29\/hypertrophic-cardiomyopathy-hcm-in-the-golden-retriever\/\" title=\"Hypertrophic cardiomyopathy (HCM) in the Golden Retriever\">Hypertrophic cardiomyopathy (HCM) in the Golden Retriever<\/a><\/h2><\/header><div class=\"eael-entry-content\">\n                                <div class=\"eael-grid-post-excerpt\"><p>Hypertrophic cardiomyopathy (HCM) in the Golden Retriever Hypertrophic cardiomyopathy (HCM) is a genetic heart disease...<\/p><a href=\"https:\/\/labogen.com\/en\/2026\/01\/29\/hypertrophic-cardiomyopathy-hcm-in-the-golden-retriever\/\" class=\"eael-post-elements-readmore-btn\">Read more...<\/a><\/div>\n                            <\/div><\/div><\/div>\n    <\/div>\n<\/article><article class=\"eael-grid-post  eael-post-grid-column eael-pg-post-286470 category-dog tags-dog-genetic-test\" data-id=\"286470\">\n    <div class=\"eael-grid-post-holder\">\n        <div class=\"eael-grid-post-holder-inner\"><div class=\"eael-entry-media\"><ul class=\"post-carousel-categories\"><li><a href=\"https:\/\/labogen.com\/en\/category\/dog\/\">Dog<\/a><\/li><\/ul><div class=\"eael-entry-overlay fade-in\"><i class=\"fas fa-sign-in-alt\" aria-hidden=\"true\"><\/i><a href=\"https:\/\/labogen.com\/en\/2026\/01\/29\/cerebellar-abiotrophy-ca-in-the-australian-kelpie\/\"><\/a><\/div><div class=\"eael-entry-thumbnail \">\n                            <img decoding=\"async\" width=\"300\" height=\"287\" src=\"https:\/\/labogen.com\/wp-content\/uploads\/2026\/02\/Australian-Kelpie_ChatGPT-Image_web-300x287.png\" class=\"attachment-medium size-medium wp-image-286469\" alt=\"\" srcset=\"https:\/\/labogen.com\/wp-content\/uploads\/2026\/02\/Australian-Kelpie_ChatGPT-Image_web-300x287.png 300w, https:\/\/labogen.com\/wp-content\/uploads\/2026\/02\/Australian-Kelpie_ChatGPT-Image_web-768x734.png 768w, https:\/\/labogen.com\/wp-content\/uploads\/2026\/02\/Australian-Kelpie_ChatGPT-Image_web.png 1024w\" sizes=\"(max-width: 300px) 100vw, 300px\" \/>\n                            <\/div>\n                    <\/div><div class=\"eael-entry-wrapper\"><header class=\"eael-entry-header\"><h2 class=\"eael-entry-title\"><a class=\"eael-grid-post-link\" href=\"https:\/\/labogen.com\/en\/2026\/01\/29\/cerebellar-abiotrophy-ca-in-the-australian-kelpie\/\" title=\"Cerebellar abiotrophy (CA) in the Australian Kelpie\">Cerebellar abiotrophy (CA) in the Australian Kelpie<\/a><\/h2><\/header><div class=\"eael-entry-content\">\n                                <div class=\"eael-grid-post-excerpt\"><p>Cerebellar abiotrophy (CA) in the Australian Kelpie Cerebellar abiotrophy (CA) is a hereditary neurological disorder...<\/p><a href=\"https:\/\/labogen.com\/en\/2026\/01\/29\/cerebellar-abiotrophy-ca-in-the-australian-kelpie\/\" class=\"eael-post-elements-readmore-btn\">Read more...<\/a><\/div>\n                            <\/div><\/div><\/div>\n    <\/div>\n<\/article><article class=\"eael-grid-post  eael-post-grid-column eael-pg-post-286473 category-dog tags-dog\" data-id=\"286473\">\n    <div class=\"eael-grid-post-holder\">\n        <div class=\"eael-grid-post-holder-inner\"><div class=\"eael-entry-media\"><ul class=\"post-carousel-categories\"><li><a href=\"https:\/\/labogen.com\/en\/category\/dog\/\">Dog<\/a><\/li><\/ul><div class=\"eael-entry-overlay fade-in\"><i class=\"fas fa-sign-in-alt\" aria-hidden=\"true\"><\/i><a href=\"https:\/\/labogen.com\/en\/2025\/12\/10\/hypothyroidism-in-dogs-new-possibilities-in-diagnostics\/\"><\/a><\/div><div class=\"eael-entry-thumbnail \">\n                            <img loading=\"lazy\" decoding=\"async\" width=\"300\" height=\"150\" src=\"https:\/\/labogen.com\/wp-content\/uploads\/2025\/12\/golden-retriever-dog-under-coat-2022-02-10-05-28-48-utc-300x150.jpg\" class=\"attachment-medium size-medium wp-image-286472\" alt=\"\" srcset=\"https:\/\/labogen.com\/wp-content\/uploads\/2025\/12\/golden-retriever-dog-under-coat-2022-02-10-05-28-48-utc-300x150.jpg 300w, https:\/\/labogen.com\/wp-content\/uploads\/2025\/12\/golden-retriever-dog-under-coat-2022-02-10-05-28-48-utc-1024x512.jpg 1024w, https:\/\/labogen.com\/wp-content\/uploads\/2025\/12\/golden-retriever-dog-under-coat-2022-02-10-05-28-48-utc-768x384.jpg 768w, https:\/\/labogen.com\/wp-content\/uploads\/2025\/12\/golden-retriever-dog-under-coat-2022-02-10-05-28-48-utc.jpg 1200w\" sizes=\"(max-width: 300px) 100vw, 300px\" \/>\n                            <\/div>\n                    <\/div><div class=\"eael-entry-wrapper\"><header class=\"eael-entry-header\"><h2 class=\"eael-entry-title\"><a class=\"eael-grid-post-link\" href=\"https:\/\/labogen.com\/en\/2025\/12\/10\/hypothyroidism-in-dogs-new-possibilities-in-diagnostics\/\" title=\"Hypothyroidism in dogs \u2013 new possibilities in diagnostics\">Hypothyroidism in dogs \u2013 new possibilities in diagnostics<\/a><\/h2><\/header><div class=\"eael-entry-content\">\n                                <div class=\"eael-grid-post-excerpt\"><p>Hypothyroidism in dogs \u2013 new possibilities in diagnostics Hypothyroidism (underactive thyroid) is one of the...<\/p><a href=\"https:\/\/labogen.com\/en\/2025\/12\/10\/hypothyroidism-in-dogs-new-possibilities-in-diagnostics\/\" class=\"eael-post-elements-readmore-btn\">Read more...<\/a><\/div>\n                            <\/div><\/div><\/div>\n    <\/div>\n<\/article><article class=\"eael-grid-post  eael-post-grid-column eael-pg-post-286479 category-dog tags-dog-genetic-test\" data-id=\"286479\">\n    <div class=\"eael-grid-post-holder\">\n        <div class=\"eael-grid-post-holder-inner\"><div class=\"eael-entry-media\"><ul class=\"post-carousel-categories\"><li><a href=\"https:\/\/labogen.com\/en\/category\/dog\/\">Dog<\/a><\/li><\/ul><div class=\"eael-entry-overlay fade-in\"><i class=\"fas fa-sign-in-alt\" aria-hidden=\"true\"><\/i><a href=\"https:\/\/labogen.com\/en\/2025\/12\/10\/glycogen-storage-disease-gsd-pgbm1-in-the-basset-hound\/\"><\/a><\/div><div class=\"eael-entry-thumbnail \">\n                            <img loading=\"lazy\" decoding=\"async\" width=\"300\" height=\"143\" src=\"https:\/\/labogen.com\/wp-content\/uploads\/2025\/12\/AdobeStock_222400398-300x143.jpeg\" class=\"attachment-medium size-medium wp-image-286478\" alt=\"\" srcset=\"https:\/\/labogen.com\/wp-content\/uploads\/2025\/12\/AdobeStock_222400398-300x143.jpeg 300w, https:\/\/labogen.com\/wp-content\/uploads\/2025\/12\/AdobeStock_222400398-1024x486.jpeg 1024w, https:\/\/labogen.com\/wp-content\/uploads\/2025\/12\/AdobeStock_222400398-768x365.jpeg 768w, https:\/\/labogen.com\/wp-content\/uploads\/2025\/12\/AdobeStock_222400398.jpeg 1200w\" sizes=\"(max-width: 300px) 100vw, 300px\" \/>\n                            <\/div>\n                    <\/div><div class=\"eael-entry-wrapper\"><header class=\"eael-entry-header\"><h2 class=\"eael-entry-title\"><a class=\"eael-grid-post-link\" href=\"https:\/\/labogen.com\/en\/2025\/12\/10\/glycogen-storage-disease-gsd-pgbm1-in-the-basset-hound\/\" title=\"Glycogen storage disease (GSD-PGBM1) in the Basset Hound\">Glycogen storage disease (GSD-PGBM1) in the Basset Hound<\/a><\/h2><\/header><div class=\"eael-entry-content\">\n                                <div class=\"eael-grid-post-excerpt\"><p>Glycogen storage disease (GSD-PGBM1) in the Basset Hound Glycogen storage diseases (GSDs) are hereditary metabolic...<\/p><a href=\"https:\/\/labogen.com\/en\/2025\/12\/10\/glycogen-storage-disease-gsd-pgbm1-in-the-basset-hound\/\" class=\"eael-post-elements-readmore-btn\">Read more...<\/a><\/div>\n                            <\/div><\/div><\/div>\n    <\/div>\n<\/article><article class=\"eael-grid-post  eael-post-grid-column eael-pg-post-286482 category-cat tags-cat-genetic-test\" data-id=\"286482\">\n    <div class=\"eael-grid-post-holder\">\n        <div class=\"eael-grid-post-holder-inner\"><div class=\"eael-entry-media\"><ul class=\"post-carousel-categories\"><li><a href=\"https:\/\/labogen.com\/en\/category\/cat\/\">Cat<\/a><\/li><\/ul><div class=\"eael-entry-overlay fade-in\"><i class=\"fas fa-sign-in-alt\" aria-hidden=\"true\"><\/i><a href=\"https:\/\/labogen.com\/en\/2025\/12\/10\/update-hypertrophic-cardiomyopathy-hcm3-in-the-ragdoll\/\"><\/a><\/div><div class=\"eael-entry-thumbnail \">\n                            <img loading=\"lazy\" decoding=\"async\" width=\"300\" height=\"191\" src=\"https:\/\/labogen.com\/wp-content\/uploads\/2025\/12\/Hypertrophe-Kardiomyopathie-HCM3_Ragdoll_piechart-300x191.jpeg\" class=\"attachment-medium size-medium wp-image-286481\" alt=\"\" srcset=\"https:\/\/labogen.com\/wp-content\/uploads\/2025\/12\/Hypertrophe-Kardiomyopathie-HCM3_Ragdoll_piechart-300x191.jpeg 300w, https:\/\/labogen.com\/wp-content\/uploads\/2025\/12\/Hypertrophe-Kardiomyopathie-HCM3_Ragdoll_piechart-1024x652.jpeg 1024w, https:\/\/labogen.com\/wp-content\/uploads\/2025\/12\/Hypertrophe-Kardiomyopathie-HCM3_Ragdoll_piechart-768x489.jpeg 768w, https:\/\/labogen.com\/wp-content\/uploads\/2025\/12\/Hypertrophe-Kardiomyopathie-HCM3_Ragdoll_piechart.jpeg 1200w\" sizes=\"(max-width: 300px) 100vw, 300px\" \/>\n                            <\/div>\n                    <\/div><div class=\"eael-entry-wrapper\"><header class=\"eael-entry-header\"><h2 class=\"eael-entry-title\"><a class=\"eael-grid-post-link\" href=\"https:\/\/labogen.com\/en\/2025\/12\/10\/update-hypertrophic-cardiomyopathy-hcm3-in-the-ragdoll\/\" title=\"Update: Hypertrophic cardiomyopathy (HCM3) in the Ragdoll\">Update: Hypertrophic cardiomyopathy (HCM3) in the Ragdoll<\/a><\/h2><\/header><div class=\"eael-entry-content\">\n                                <div class=\"eael-grid-post-excerpt\"><p>Update: Hypertrophic cardiomyopathy (HCM3) in the Ragdoll Hypertrophic cardiomyopathy (HCM) is the most common heart...<\/p><a href=\"https:\/\/labogen.com\/en\/2025\/12\/10\/update-hypertrophic-cardiomyopathy-hcm3-in-the-ragdoll\/\" class=\"eael-post-elements-readmore-btn\">Read more...<\/a><\/div>\n                            <\/div><\/div><\/div>\n    <\/div>\n<\/article><\/div>\n            <div class=\"clearfix\"><\/div>\n        <\/div>            <div class=\"eael-load-more-button-wrap eael-infinity-scroll\" data-offset=\"-200\">\n                <button class=\"eael-load-more-button\" id=\"eael-load-more-btn-e8c906d\" data-widget-id=\"e8c906d\" data-widget=\"e8c906d\" data-page-id=\"270271\" data-template=\"{&quot;dir&quot;:&quot;lite&quot;,&quot;file_name&quot;:&quot;two.php&quot;,&quot;name&quot;:&quot;Post-Grid&quot;}\" data-class=\"Essential_Addons_Elementor\\Elements\\Post_Grid\" data-layout=\"masonry\" data-page=\"1\" data-args=\"orderby=date&order=desc&ignore_sticky_posts=1&post_status=publish&posts_per_page=9&offset=0&post_type=post&tax_query%5B0%5D%5Btaxonomy%5D=category&tax_query%5B0%5D%5Bfield%5D=term_id&tax_query%5B0%5D%5Bterms%5D%5B0%5D=3&tax_query%5B0%5D%5Bterms%5D%5B1%5D=48&tax_query%5B0%5D%5Bterms%5D%5B2%5D=50&tax_query%5B0%5D%5Bterms%5D%5B3%5D=49&tax_query%5B0%5D%5Bterms%5D%5B4%5D=51&tax_query%5Brelation%5D=AND\" data-max-page=\"6\">\n                    <span class=\"eael-btn-loader button__loader\"><\/span>\n                    <span class=\"eael_load_more_text\">Load More<\/span>\n                <\/button>\n            <\/div>\n            \t\t<\/div>\n\t\t\t\t<\/div>\n\t\t\t\t\t<\/div>\n\t\t\t\t<\/div>\n\t\t\t\t<\/div>\n\t\t","protected":false},"excerpt":{"rendered":"<p>Sonstiges Cumarin-Aktivit\u00e4t bei Verdacht auf Rattengiftaufnahme Cumarin-Aktivit\u00e4t bei Verdacht auf Rattengiftaufnahme Rodentizide (z. B. Rattengifte), die entweder direkt oder durch das\u2026 Read more\u2026 Hund Verl\u00e4ssliche Laborbefunde f\u00fcr verantwortungsvolle Entscheidungen Verl\u00e4ssliche Laborbefunde f\u00fcr verantwortungsvolle Entscheidungen Die Laborbefunde von Laboklin werden ausschlie\u00dflich als PDF-Dateien versendet, die\u2026 Read more\u2026 Hund Congenitales myasthenes Syndrom (CMS) jetzt auch beim Heideterrier [&hellip;]<\/p>\n","protected":false},"author":3,"featured_media":0,"parent":0,"menu_order":0,"comment_status":"closed","ping_status":"closed","template":"","meta":{"footnotes":""},"class_list":["post-270271","page","type-page","status-publish","hentry"],"_links":{"self":[{"href":"https:\/\/labogen.com\/en\/wp-json\/wp\/v2\/pages\/270271","targetHints":{"allow":["GET"]}}],"collection":[{"href":"https:\/\/labogen.com\/en\/wp-json\/wp\/v2\/pages"}],"about":[{"href":"https:\/\/labogen.com\/en\/wp-json\/wp\/v2\/types\/page"}],"author":[{"embeddable":true,"href":"https:\/\/labogen.com\/en\/wp-json\/wp\/v2\/users\/3"}],"replies":[{"embeddable":true,"href":"https:\/\/labogen.com\/en\/wp-json\/wp\/v2\/comments?post=270271"}],"version-history":[{"count":4,"href":"https:\/\/labogen.com\/en\/wp-json\/wp\/v2\/pages\/270271\/revisions"}],"predecessor-version":[{"id":284948,"href":"https:\/\/labogen.com\/en\/wp-json\/wp\/v2\/pages\/270271\/revisions\/284948"}],"wp:attachment":[{"href":"https:\/\/labogen.com\/en\/wp-json\/wp\/v2\/media?parent=270271"}],"curies":[{"name":"wp","href":"https:\/\/api.w.org\/{rel}","templated":true}]}}